{"id":6231,"date":"2024-01-02T12:53:12","date_gmt":"2024-01-02T17:53:12","guid":{"rendered":"https:\/\/exactapublicidad.com\/?post_type=product&#038;p=6231"},"modified":"2024-01-02T12:58:12","modified_gmt":"2024-01-02T17:58:12","slug":"brandeo-vehicular","status":"publish","type":"product","link":"https:\/\/exactapublicidad.com\/index.php\/producto\/brandeo-vehicular\/","title":{"rendered":"Brandeo Vehicular"},"content":{"rendered":"<p><span class=\"ILfuVd\" lang=\"es\"><span class=\"hgKElc\">El branding que desarrolles permitir\u00e1 que tu marca logre diferenciarse y cree un v\u00ednculo con tus clientes, raz\u00f3n por la que si deseas pocisionar un producto o mejorar tus servicios, el <b>brandeo<\/b> vehicular es una de tus mejores opciones.<\/span><\/span><\/p>\n<p>La\u00a0<strong>rotulaci\u00f3n<\/strong>\u00a0con<strong>\u00a0vinilo<\/strong>\u00a0puede servir para protegerlos o darles un nuevo aspecto, adem\u00e1s de mejorar su\u00a0<strong>imagen<\/strong> de marca. Contamos con vinilos muy resistentes que soportan todo tipo de inclemencias manteniendo la calidad gr\u00e1fica y las propiedades del material durante mucho tiempo.<\/p>\n","protected":false},"excerpt":{"rendered":"<ul>\n<li>Impresi\u00f3n full color<\/li>\n<li>L\u00e1mina de protecci\u00f3n<\/li>\n<li>Incluye dise\u00f1o totalmente personalizado<\/li>\n<\/ul>\n<p>Para tener un precio exacto necesitamos medir las proporciones del veh\u00edculo, o las \u00e1reas a brandear, todo depende del tipo de veh\u00edculo y el tipo de publicidad requerida.<\/p>\n","protected":false},"featured_media":6232,"template":"","meta":{"_monsterinsights_skip_tracking":false,"_monsterinsights_sitenote_active":false,"_monsterinsights_sitenote_note":"","_monsterinsights_sitenote_category":0,"site-sidebar-layout":"default","site-content-layout":"default","ast-site-content-layout":"default","site-content-style":"default","site-sidebar-style":"default","ast-global-header-display":"","ast-banner-title-visibility":"","ast-main-header-display":"","ast-hfb-above-header-display":"","ast-hfb-below-header-display":"","ast-hfb-mobile-header-display":"","site-post-title":"","ast-breadcrumbs-content":"","ast-featured-img":"","footer-sml-layout":"","theme-transparent-header-meta":"default","adv-header-id-meta":"","stick-header-meta":"","header-above-stick-meta":"","header-main-stick-meta":"","header-below-stick-meta":"","astra-migrate-meta-layouts":"set","ast-page-background-enabled":"default","ast-page-background-meta":{"desktop":{"background-color":"","background-image":"","background-repeat":"repeat","background-position":"center center","background-size":"auto","background-attachment":"scroll","background-type":"","background-media":"","overlay-type":"","overlay-color":"","overlay-gradient":""},"tablet":{"background-color":"","background-image":"","background-repeat":"repeat","background-position":"center center","background-size":"auto","background-attachment":"scroll","background-type":"","background-media":"","overlay-type":"","overlay-color":"","overlay-gradient":""},"mobile":{"background-color":"","background-image":"","background-repeat":"repeat","background-position":"center center","background-size":"auto","background-attachment":"scroll","background-type":"","background-media":"","overlay-type":"","overlay-color":"","overlay-gradient":""}},"ast-content-background-meta":{"desktop":{"background-color":"var(--ast-global-color-5)","background-image":"","background-repeat":"repeat","background-position":"center center","background-size":"auto","background-attachment":"scroll","background-type":"","background-media":"","overlay-type":"","overlay-color":"","overlay-gradient":""},"tablet":{"background-color":"var(--ast-global-color-5)","background-image":"","background-repeat":"repeat","background-position":"center center","background-size":"auto","background-attachment":"scroll","background-type":"","background-media":"","overlay-type":"","overlay-color":"","overlay-gradient":""},"mobile":{"background-color":"var(--ast-global-color-5)","background-image":"","background-repeat":"repeat","background-position":"center center","background-size":"auto","background-attachment":"scroll","background-type":"","background-media":"","overlay-type":"","overlay-color":"","overlay-gradient":""}},"iawp_total_views":66},"product_cat":[27],"product_tag":[],"aioseo_notices":[],"_links":{"self":[{"href":"https:\/\/exactapublicidad.com\/index.php\/wp-json\/wp\/v2\/product\/6231"}],"collection":[{"href":"https:\/\/exactapublicidad.com\/index.php\/wp-json\/wp\/v2\/product"}],"about":[{"href":"https:\/\/exactapublicidad.com\/index.php\/wp-json\/wp\/v2\/types\/product"}],"wp:featuredmedia":[{"embeddable":true,"href":"https:\/\/exactapublicidad.com\/index.php\/wp-json\/wp\/v2\/media\/6232"}],"wp:attachment":[{"href":"https:\/\/exactapublicidad.com\/index.php\/wp-json\/wp\/v2\/media?parent=6231"}],"wp:term":[{"taxonomy":"product_cat","embeddable":true,"href":"https:\/\/exactapublicidad.com\/index.php\/wp-json\/wp\/v2\/product_cat?post=6231"},{"taxonomy":"product_tag","embeddable":true,"href":"https:\/\/exactapublicidad.com\/index.php\/wp-json\/wp\/v2\/product_tag?post=6231"}],"curies":[{"name":"wp","href":"https:\/\/api.w.org\/{rel}","templated":true}]}}