{"id":6236,"date":"2024-01-02T13:12:32","date_gmt":"2024-01-02T18:12:32","guid":{"rendered":"https:\/\/exactapublicidad.com\/?post_type=product&#038;p=6236"},"modified":"2024-08-17T12:06:01","modified_gmt":"2024-08-17T17:06:01","slug":"bastidor-2x1","status":"publish","type":"product","link":"https:\/\/exactapublicidad.com\/index.php\/producto\/bastidor-2x1\/","title":{"rendered":"Bastidor 2&#215;1"},"content":{"rendered":"<p>Ayuda a tus clientes a encontrarte y consigue que conozcan m\u00e1s de tu marca, con el bastidor publicitario tu publicidad tendr\u00e1 m\u00e1s impacto y mejores resultados. Adem\u00e1s de que lo puedes colocar en el interior y exterior de tu negocio, sin ning\u00fan problema.<\/p>\n<p>&nbsp;<\/p>\n","protected":false},"excerpt":{"rendered":"<ul>\n<li>Estructura Met\u00e1lica<\/li>\n<li>Impresi\u00f3n full color<\/li>\n<li>Medida 200&#215;100<\/li>\n<li>Lona bien tensada<\/li>\n<li>Argollas para un f\u00e1cil instalaci\u00f3n<\/li>\n<li>Incluye dise\u00f1o totalmente personalizado<\/li>\n<\/ul>\n","protected":false},"featured_media":6237,"template":"","meta":{"_monsterinsights_skip_tracking":false,"_monsterinsights_sitenote_active":false,"_monsterinsights_sitenote_note":"","_monsterinsights_sitenote_category":0,"site-sidebar-layout":"default","site-content-layout":"default","ast-site-content-layout":"default","site-content-style":"default","site-sidebar-style":"default","ast-global-header-display":"","ast-banner-title-visibility":"","ast-main-header-display":"","ast-hfb-above-header-display":"","ast-hfb-below-header-display":"","ast-hfb-mobile-header-display":"","site-post-title":"","ast-breadcrumbs-content":"","ast-featured-img":"","footer-sml-layout":"","theme-transparent-header-meta":"default","adv-header-id-meta":"","stick-header-meta":"","header-above-stick-meta":"","header-main-stick-meta":"","header-below-stick-meta":"","astra-migrate-meta-layouts":"set","ast-page-background-enabled":"default","ast-page-background-meta":{"desktop":{"background-color":"","background-image":"","background-repeat":"repeat","background-position":"center center","background-size":"auto","background-attachment":"scroll","background-type":"","background-media":"","overlay-type":"","overlay-color":"","overlay-gradient":""},"tablet":{"background-color":"","background-image":"","background-repeat":"repeat","background-position":"center center","background-size":"auto","background-attachment":"scroll","background-type":"","background-media":"","overlay-type":"","overlay-color":"","overlay-gradient":""},"mobile":{"background-color":"","background-image":"","background-repeat":"repeat","background-position":"center center","background-size":"auto","background-attachment":"scroll","background-type":"","background-media":"","overlay-type":"","overlay-color":"","overlay-gradient":""}},"ast-content-background-meta":{"desktop":{"background-color":"var(--ast-global-color-5)","background-image":"","background-repeat":"repeat","background-position":"center center","background-size":"auto","background-attachment":"scroll","background-type":"","background-media":"","overlay-type":"","overlay-color":"","overlay-gradient":""},"tablet":{"background-color":"var(--ast-global-color-5)","background-image":"","background-repeat":"repeat","background-position":"center center","background-size":"auto","background-attachment":"scroll","background-type":"","background-media":"","overlay-type":"","overlay-color":"","overlay-gradient":""},"mobile":{"background-color":"var(--ast-global-color-5)","background-image":"","background-repeat":"repeat","background-position":"center center","background-size":"auto","background-attachment":"scroll","background-type":"","background-media":"","overlay-type":"","overlay-color":"","overlay-gradient":""}},"iawp_total_views":30},"product_cat":[27],"product_tag":[],"aioseo_notices":[],"_links":{"self":[{"href":"https:\/\/exactapublicidad.com\/index.php\/wp-json\/wp\/v2\/product\/6236"}],"collection":[{"href":"https:\/\/exactapublicidad.com\/index.php\/wp-json\/wp\/v2\/product"}],"about":[{"href":"https:\/\/exactapublicidad.com\/index.php\/wp-json\/wp\/v2\/types\/product"}],"wp:featuredmedia":[{"embeddable":true,"href":"https:\/\/exactapublicidad.com\/index.php\/wp-json\/wp\/v2\/media\/6237"}],"wp:attachment":[{"href":"https:\/\/exactapublicidad.com\/index.php\/wp-json\/wp\/v2\/media?parent=6236"}],"wp:term":[{"taxonomy":"product_cat","embeddable":true,"href":"https:\/\/exactapublicidad.com\/index.php\/wp-json\/wp\/v2\/product_cat?post=6236"},{"taxonomy":"product_tag","embeddable":true,"href":"https:\/\/exactapublicidad.com\/index.php\/wp-json\/wp\/v2\/product_tag?post=6236"}],"curies":[{"name":"wp","href":"https:\/\/api.w.org\/{rel}","templated":true}]}}