{"id":6238,"date":"2024-01-02T13:30:26","date_gmt":"2024-01-02T18:30:26","guid":{"rendered":"https:\/\/exactapublicidad.com\/?post_type=product&#038;p=6238"},"modified":"2024-09-02T11:03:29","modified_gmt":"2024-09-02T16:03:29","slug":"flyer-digital","status":"publish","type":"product","link":"https:\/\/exactapublicidad.com\/index.php\/producto\/flyer-digital\/","title":{"rendered":"Flyer Digital"},"content":{"rendered":"<p>Las <strong>publicaciones digitales interactivas<\/strong> permiten integrar diversos contenidos, es una experiencia de una \u00fanica direcci\u00f3n donde nosotros mostramos y el lector recibe. En estas publicaciones digitales, los usuarios interact\u00faan al m\u00e1ximo con los contenidos, la informaci\u00f3n tiene que ser \u201cdescubierta\u201d por ellos.<\/p>\n<p>&nbsp;<\/p>\n","protected":false},"excerpt":{"rendered":"<ul>\n<li>Resoluci\u00f3n Full HD<\/li>\n<li>Medida 1080&#215;1080 px<\/li>\n<li>Imagen PNG o JPG<\/li>\n<li>Para Instagram, Facebook y WhatsApp<\/li>\n<li>Dise\u00f1o totalmente personalizado<\/li>\n<\/ul>\n","protected":false},"featured_media":6239,"template":"","meta":{"_monsterinsights_skip_tracking":false,"_monsterinsights_sitenote_active":false,"_monsterinsights_sitenote_note":"","_monsterinsights_sitenote_category":0,"site-sidebar-layout":"default","site-content-layout":"default","ast-site-content-layout":"default","site-content-style":"default","site-sidebar-style":"default","ast-global-header-display":"","ast-banner-title-visibility":"","ast-main-header-display":"","ast-hfb-above-header-display":"","ast-hfb-below-header-display":"","ast-hfb-mobile-header-display":"","site-post-title":"","ast-breadcrumbs-content":"","ast-featured-img":"","footer-sml-layout":"","theme-transparent-header-meta":"default","adv-header-id-meta":"","stick-header-meta":"","header-above-stick-meta":"","header-main-stick-meta":"","header-below-stick-meta":"","astra-migrate-meta-layouts":"set","ast-page-background-enabled":"default","ast-page-background-meta":{"desktop":{"background-color":"","background-image":"","background-repeat":"repeat","background-position":"center center","background-size":"auto","background-attachment":"scroll","background-type":"","background-media":"","overlay-type":"","overlay-color":"","overlay-gradient":""},"tablet":{"background-color":"","background-image":"","background-repeat":"repeat","background-position":"center center","background-size":"auto","background-attachment":"scroll","background-type":"","background-media":"","overlay-type":"","overlay-color":"","overlay-gradient":""},"mobile":{"background-color":"","background-image":"","background-repeat":"repeat","background-position":"center center","background-size":"auto","background-attachment":"scroll","background-type":"","background-media":"","overlay-type":"","overlay-color":"","overlay-gradient":""}},"ast-content-background-meta":{"desktop":{"background-color":"var(--ast-global-color-5)","background-image":"","background-repeat":"repeat","background-position":"center center","background-size":"auto","background-attachment":"scroll","background-type":"","background-media":"","overlay-type":"","overlay-color":"","overlay-gradient":""},"tablet":{"background-color":"var(--ast-global-color-5)","background-image":"","background-repeat":"repeat","background-position":"center center","background-size":"auto","background-attachment":"scroll","background-type":"","background-media":"","overlay-type":"","overlay-color":"","overlay-gradient":""},"mobile":{"background-color":"var(--ast-global-color-5)","background-image":"","background-repeat":"repeat","background-position":"center center","background-size":"auto","background-attachment":"scroll","background-type":"","background-media":"","overlay-type":"","overlay-color":"","overlay-gradient":""}},"iawp_total_views":99},"product_cat":[28],"product_tag":[],"aioseo_notices":[],"_links":{"self":[{"href":"https:\/\/exactapublicidad.com\/index.php\/wp-json\/wp\/v2\/product\/6238"}],"collection":[{"href":"https:\/\/exactapublicidad.com\/index.php\/wp-json\/wp\/v2\/product"}],"about":[{"href":"https:\/\/exactapublicidad.com\/index.php\/wp-json\/wp\/v2\/types\/product"}],"wp:featuredmedia":[{"embeddable":true,"href":"https:\/\/exactapublicidad.com\/index.php\/wp-json\/wp\/v2\/media\/6239"}],"wp:attachment":[{"href":"https:\/\/exactapublicidad.com\/index.php\/wp-json\/wp\/v2\/media?parent=6238"}],"wp:term":[{"taxonomy":"product_cat","embeddable":true,"href":"https:\/\/exactapublicidad.com\/index.php\/wp-json\/wp\/v2\/product_cat?post=6238"},{"taxonomy":"product_tag","embeddable":true,"href":"https:\/\/exactapublicidad.com\/index.php\/wp-json\/wp\/v2\/product_tag?post=6238"}],"curies":[{"name":"wp","href":"https:\/\/api.w.org\/{rel}","templated":true}]}}